{"id":203,"date":"2021-07-12T16:13:56","date_gmt":"2021-07-12T16:13:56","guid":{"rendered":"https:\/\/zobbelovesharing.com\/?page_id=203"},"modified":"2021-07-16T01:34:08","modified_gmt":"2021-07-16T01:34:08","slug":"life-shares","status":"publish","type":"page","link":"https:\/\/zobbelovesharing.com\/?page_id=203","title":{"rendered":"LIFE SHARING"},"content":{"rendered":"\t\t<div data-elementor-type=\"wp-page\" data-elementor-id=\"203\" class=\"elementor elementor-203\">\n\t\t\t\t\t\t<section class=\"elementor-section elementor-top-section elementor-element elementor-element-42825cbf elementor-section-content-middle elementor-section-boxed elementor-section-height-default elementor-section-height-default\" data-id=\"42825cbf\" data-element_type=\"section\" data-e-type=\"section\" data-settings=\"{&quot;background_background&quot;:&quot;classic&quot;}\">\n\t\t\t\t\t\t<div class=\"elementor-container elementor-column-gap-no\">\n\t\t\t\t\t<div class=\"elementor-column elementor-col-50 elementor-top-column elementor-element elementor-element-b903389\" data-id=\"b903389\" data-element_type=\"column\" data-e-type=\"column\">\n\t\t\t<div class=\"elementor-widget-wrap elementor-element-populated\">\n\t\t\t\t\t\t<div class=\"elementor-element elementor-element-4d5f476f elementor-widget elementor-widget-image\" data-id=\"4d5f476f\" data-element_type=\"widget\" data-e-type=\"widget\" data-widget_type=\"image.default\">\n\t\t\t\t<div class=\"elementor-widget-container\">\n\t\t\t\t\t\t\t\t\t\t\t\t\t\t\t<img fetchpriority=\"high\" decoding=\"async\" width=\"1640\" height=\"924\" src=\"https:\/\/i0.wp.com\/zobbelovesharing.com\/wp-content\/uploads\/2021\/07\/Footprints-In-Sand-Photo-Quotes-Book-Literature-Facebook-Cover.png?fit=1640%2C924&amp;ssl=1\" class=\"attachment-full size-full wp-image-270\" alt=\"\" srcset=\"https:\/\/i0.wp.com\/zobbelovesharing.com\/wp-content\/uploads\/2021\/07\/Footprints-In-Sand-Photo-Quotes-Book-Literature-Facebook-Cover.png?w=1640&amp;ssl=1 1640w, https:\/\/i0.wp.com\/zobbelovesharing.com\/wp-content\/uploads\/2021\/07\/Footprints-In-Sand-Photo-Quotes-Book-Literature-Facebook-Cover.png?resize=300%2C169&amp;ssl=1 300w, https:\/\/i0.wp.com\/zobbelovesharing.com\/wp-content\/uploads\/2021\/07\/Footprints-In-Sand-Photo-Quotes-Book-Literature-Facebook-Cover.png?resize=1024%2C577&amp;ssl=1 1024w, https:\/\/i0.wp.com\/zobbelovesharing.com\/wp-content\/uploads\/2021\/07\/Footprints-In-Sand-Photo-Quotes-Book-Literature-Facebook-Cover.png?resize=768%2C433&amp;ssl=1 768w, https:\/\/i0.wp.com\/zobbelovesharing.com\/wp-content\/uploads\/2021\/07\/Footprints-In-Sand-Photo-Quotes-Book-Literature-Facebook-Cover.png?resize=1536%2C865&amp;ssl=1 1536w, https:\/\/i0.wp.com\/zobbelovesharing.com\/wp-content\/uploads\/2021\/07\/Footprints-In-Sand-Photo-Quotes-Book-Literature-Facebook-Cover.png?resize=850%2C479&amp;ssl=1 850w, https:\/\/i0.wp.com\/zobbelovesharing.com\/wp-content\/uploads\/2021\/07\/Footprints-In-Sand-Photo-Quotes-Book-Literature-Facebook-Cover.png?w=1280&amp;ssl=1 1280w\" sizes=\"(max-width: 640px) 100vw, 640px\" \/>\t\t\t\t\t\t\t\t\t\t\t\t\t\t\t<\/div>\n\t\t\t\t<\/div>\n\t\t\t\t\t<\/div>\n\t\t<\/div>\n\t\t\t\t<div class=\"elementor-column elementor-col-50 elementor-top-column elementor-element elementor-element-5a2ec8a4\" data-id=\"5a2ec8a4\" data-element_type=\"column\" data-e-type=\"column\">\n\t\t\t<div class=\"elementor-widget-wrap elementor-element-populated\">\n\t\t\t\t\t\t<div class=\"elementor-element elementor-element-4e0bbe1f elementor-widget elementor-widget-heading\" data-id=\"4e0bbe1f\" data-element_type=\"widget\" data-e-type=\"widget\" data-widget_type=\"heading.default\">\n\t\t\t\t<div class=\"elementor-widget-container\">\n\t\t\t\t\t<h4 class=\"elementor-heading-title elementor-size-default\">CH\u1ee6 \u0110\u1ec0<\/h4>\t\t\t\t<\/div>\n\t\t\t\t<\/div>\n\t\t\t\t<div class=\"elementor-element elementor-element-d180ddf elementor-widget elementor-widget-text-editor\" data-id=\"d180ddf\" data-element_type=\"widget\" data-e-type=\"widget\" data-widget_type=\"text-editor.default\">\n\t\t\t\t<div class=\"elementor-widget-container\">\n\t\t\t\t\t\t\t\t\t<p><span lang=\"EN-US\">1. TH\u1ea4U HI\u1ec2U V\u00c0 CH\u1eeeA L\u00c0NH<\/span><\/p><ul><li><a href=\"https:\/\/zobbelovesharing.com\/?p=6\">H\u00e0nh tr\u00ecnh nh\u1eadn di\u1ec7n th\u00f4ng \u0111i\u1ec7p tr\u00e1i tim v\u00e0 v\u01b0\u1ee3t tho\u00e1t n\u1ed7i s\u1ee3<\/a><\/li><\/ul><p><span lang=\"EN-US\">2. T\u01af DUY T\u00cdCH C\u1ef0C<\/span><\/p><p><span lang=\"EN-US\">3. K\u1ebeT N\u1ed0I V\u0168 TR\u1ee4 V\u00c0 S\u1ea0C N\u0102NG L\u01af\u1ee2NG<\/span><\/p><p><span lang=\"EN-US\">4. DU H\u1eccC<\/span><\/p>\t\t\t\t\t\t\t\t<\/div>\n\t\t\t\t<\/div>\n\t\t\t\t\t<\/div>\n\t\t<\/div>\n\t\t\t\t\t<\/div>\n\t\t<\/section>\n\t\t\t\t<\/div>\n\t\t","protected":false},"excerpt":{"rendered":"<p>CH\u1ee6 \u0110\u1ec0 1. TH\u1ea4U HI\u1ec2U V\u00c0 CH\u1eeeA L\u00c0NH H\u00e0nh tr\u00ecnh nh\u1eadn di\u1ec7n th\u00f4ng \u0111i\u1ec7p tr\u00e1i tim v\u00e0 v\u01b0\u1ee3t tho\u00e1t n\u1ed7i s\u1ee3 2. T\u01af DUY T\u00cdCH C\u1ef0C 3. K\u1ebeT N\u1ed0I V\u0168 TR\u1ee4 V\u00c0 S\u1ea0C N\u0102NG L\u01af\u1ee2NG 4. DU H\u1eccC<\/p>\n","protected":false},"author":1,"featured_media":0,"parent":0,"menu_order":0,"comment_status":"closed","ping_status":"closed","template":"","meta":{"nf_dc_page":"","content-type":"","om_disable_all_campaigns":false,"_monsterinsights_skip_tracking":false,"_monsterinsights_sitenote_active":false,"_monsterinsights_sitenote_note":"","_monsterinsights_sitenote_category":0,"footnotes":""},"class_list":["post-203","page","type-page","status-publish","hentry"],"aioseo_notices":[],"jetpack_sharing_enabled":true,"jetpack_likes_enabled":true,"_links":{"self":[{"href":"https:\/\/zobbelovesharing.com\/index.php?rest_route=\/wp\/v2\/pages\/203","targetHints":{"allow":["GET"]}}],"collection":[{"href":"https:\/\/zobbelovesharing.com\/index.php?rest_route=\/wp\/v2\/pages"}],"about":[{"href":"https:\/\/zobbelovesharing.com\/index.php?rest_route=\/wp\/v2\/types\/page"}],"author":[{"embeddable":true,"href":"https:\/\/zobbelovesharing.com\/index.php?rest_route=\/wp\/v2\/users\/1"}],"replies":[{"embeddable":true,"href":"https:\/\/zobbelovesharing.com\/index.php?rest_route=%2Fwp%2Fv2%2Fcomments&post=203"}],"version-history":[{"count":5,"href":"https:\/\/zobbelovesharing.com\/index.php?rest_route=\/wp\/v2\/pages\/203\/revisions"}],"predecessor-version":[{"id":457,"href":"https:\/\/zobbelovesharing.com\/index.php?rest_route=\/wp\/v2\/pages\/203\/revisions\/457"}],"wp:attachment":[{"href":"https:\/\/zobbelovesharing.com\/index.php?rest_route=%2Fwp%2Fv2%2Fmedia&parent=203"}],"curies":[{"name":"wp","href":"https:\/\/api.w.org\/{rel}","templated":true}]}}