{"id":202,"date":"2021-07-12T16:13:56","date_gmt":"2021-07-12T16:13:56","guid":{"rendered":"https:\/\/zobbelovesharing.com\/?page_id=202"},"modified":"2021-07-22T10:14:35","modified_gmt":"2021-07-22T10:14:35","slug":"legal-shares","status":"publish","type":"page","link":"https:\/\/zobbelovesharing.com\/?page_id=202","title":{"rendered":"LEGAL KNOWLEDGE SHARING"},"content":{"rendered":"\t\t<div data-elementor-type=\"wp-page\" data-elementor-id=\"202\" class=\"elementor elementor-202\">\n\t\t\t\t\t\t<section class=\"elementor-section elementor-top-section elementor-element elementor-element-52457643 elementor-section-content-middle elementor-section-boxed elementor-section-height-default elementor-section-height-default\" data-id=\"52457643\" data-element_type=\"section\" data-e-type=\"section\" data-settings=\"{&quot;background_background&quot;:&quot;classic&quot;}\">\n\t\t\t\t\t\t<div class=\"elementor-container elementor-column-gap-no\">\n\t\t\t\t\t<div class=\"elementor-column elementor-col-50 elementor-top-column elementor-element elementor-element-b47bea9\" data-id=\"b47bea9\" data-element_type=\"column\" data-e-type=\"column\">\n\t\t\t<div class=\"elementor-widget-wrap elementor-element-populated\">\n\t\t\t\t\t\t<div class=\"elementor-element elementor-element-46b81fef elementor-widget elementor-widget-image\" data-id=\"46b81fef\" data-element_type=\"widget\" data-e-type=\"widget\" data-widget_type=\"image.default\">\n\t\t\t\t<div class=\"elementor-widget-container\">\n\t\t\t\t\t\t\t\t\t\t\t\t\t\t\t<img fetchpriority=\"high\" decoding=\"async\" width=\"1200\" height=\"630\" src=\"https:\/\/i0.wp.com\/zobbelovesharing.com\/wp-content\/uploads\/2021\/07\/4d70b8f5-23f2-4417-84e2-be239a6e262c.jpg?fit=1200%2C630&amp;ssl=1\" class=\"attachment-full size-full wp-image-427\" alt=\"\" srcset=\"https:\/\/i0.wp.com\/zobbelovesharing.com\/wp-content\/uploads\/2021\/07\/4d70b8f5-23f2-4417-84e2-be239a6e262c.jpg?w=1200&amp;ssl=1 1200w, https:\/\/i0.wp.com\/zobbelovesharing.com\/wp-content\/uploads\/2021\/07\/4d70b8f5-23f2-4417-84e2-be239a6e262c.jpg?resize=300%2C158&amp;ssl=1 300w, https:\/\/i0.wp.com\/zobbelovesharing.com\/wp-content\/uploads\/2021\/07\/4d70b8f5-23f2-4417-84e2-be239a6e262c.jpg?resize=1024%2C538&amp;ssl=1 1024w, https:\/\/i0.wp.com\/zobbelovesharing.com\/wp-content\/uploads\/2021\/07\/4d70b8f5-23f2-4417-84e2-be239a6e262c.jpg?resize=768%2C403&amp;ssl=1 768w, https:\/\/i0.wp.com\/zobbelovesharing.com\/wp-content\/uploads\/2021\/07\/4d70b8f5-23f2-4417-84e2-be239a6e262c.jpg?resize=850%2C446&amp;ssl=1 850w\" sizes=\"(max-width: 640px) 100vw, 640px\" \/>\t\t\t\t\t\t\t\t\t\t\t\t\t\t\t<\/div>\n\t\t\t\t<\/div>\n\t\t\t\t\t<\/div>\n\t\t<\/div>\n\t\t\t\t<div class=\"elementor-column elementor-col-50 elementor-top-column elementor-element elementor-element-2b8b95f8\" data-id=\"2b8b95f8\" data-element_type=\"column\" data-e-type=\"column\">\n\t\t\t<div class=\"elementor-widget-wrap elementor-element-populated\">\n\t\t\t\t\t\t<div class=\"elementor-element elementor-element-1675cd93 elementor-widget elementor-widget-heading\" data-id=\"1675cd93\" data-element_type=\"widget\" data-e-type=\"widget\" data-widget_type=\"heading.default\">\n\t\t\t\t<div class=\"elementor-widget-container\">\n\t\t\t\t\t<h4 class=\"elementor-heading-title elementor-size-default\">CH\u1ee6 \u0110\u1ec0<\/h4>\t\t\t\t<\/div>\n\t\t\t\t<\/div>\n\t\t\t\t<div class=\"elementor-element elementor-element-4aeea709 elementor-widget elementor-widget-text-editor\" data-id=\"4aeea709\" data-element_type=\"widget\" data-e-type=\"widget\" data-widget_type=\"text-editor.default\">\n\t\t\t\t<div class=\"elementor-widget-container\">\n\t\t\t\t\t\t\t\t\t<p><strong>1. H\u00f4n nh\u00e2n v\u00e0 gia \u0111\u00ecnh<\/strong><\/p><ul><li><a href=\"https:\/\/zobbelovesharing.com\/?p=470\">Ta s\u1ebd kh\u00f4ng &#8220;gi\u00e1 nh\u01b0&#8221; n\u1ebfu bi\u1ebft nh\u1eefng \u0111i\u1ec1u n\u00e0y tr\u01b0\u1edbc khi k\u1ebft h\u00f4n<\/a><\/li><li><a href=\"https:\/\/zobbelovesharing.com\/?p=495\">H\u1ee3p \u0111\u1ed3ng ti\u1ec1n h\u00f4n nh\u00e2n &#8211; \u0110\u01b0\u1ee3c v\u00e0 M\u1ea5t<\/a><\/li><\/ul><p><em>(Danh s\u00e1ch s\u1ebd \u0111\u01b0\u1ee3c c\u1eadp nh\u1eadt)<\/em><\/p>\t\t\t\t\t\t\t\t<\/div>\n\t\t\t\t<\/div>\n\t\t\t\t\t<\/div>\n\t\t<\/div>\n\t\t\t\t\t<\/div>\n\t\t<\/section>\n\t\t\t\t<\/div>\n\t\t","protected":false},"excerpt":{"rendered":"<p>CH\u1ee6 \u0110\u1ec0 1. H\u00f4n nh\u00e2n v\u00e0 gia \u0111\u00ecnh Ta s\u1ebd kh\u00f4ng &#8220;gi\u00e1 nh\u01b0&#8221; n\u1ebfu bi\u1ebft nh\u1eefng \u0111i\u1ec1u n\u00e0y tr\u01b0\u1edbc khi k\u1ebft h\u00f4n H\u1ee3p \u0111\u1ed3ng ti\u1ec1n h\u00f4n nh\u00e2n &#8211; \u0110\u01b0\u1ee3c v\u00e0 M\u1ea5t (Danh s\u00e1ch s\u1ebd \u0111\u01b0\u1ee3c c\u1eadp nh\u1eadt)<\/p>\n","protected":false},"author":1,"featured_media":0,"parent":0,"menu_order":0,"comment_status":"closed","ping_status":"closed","template":"","meta":{"nf_dc_page":"","content-type":"","om_disable_all_campaigns":false,"_monsterinsights_skip_tracking":false,"_monsterinsights_sitenote_active":false,"_monsterinsights_sitenote_note":"","_monsterinsights_sitenote_category":0,"footnotes":""},"class_list":["post-202","page","type-page","status-publish","hentry"],"aioseo_notices":[],"jetpack_sharing_enabled":true,"jetpack_likes_enabled":true,"_links":{"self":[{"href":"https:\/\/zobbelovesharing.com\/index.php?rest_route=\/wp\/v2\/pages\/202","targetHints":{"allow":["GET"]}}],"collection":[{"href":"https:\/\/zobbelovesharing.com\/index.php?rest_route=\/wp\/v2\/pages"}],"about":[{"href":"https:\/\/zobbelovesharing.com\/index.php?rest_route=\/wp\/v2\/types\/page"}],"author":[{"embeddable":true,"href":"https:\/\/zobbelovesharing.com\/index.php?rest_route=\/wp\/v2\/users\/1"}],"replies":[{"embeddable":true,"href":"https:\/\/zobbelovesharing.com\/index.php?rest_route=%2Fwp%2Fv2%2Fcomments&post=202"}],"version-history":[{"count":5,"href":"https:\/\/zobbelovesharing.com\/index.php?rest_route=\/wp\/v2\/pages\/202\/revisions"}],"predecessor-version":[{"id":506,"href":"https:\/\/zobbelovesharing.com\/index.php?rest_route=\/wp\/v2\/pages\/202\/revisions\/506"}],"wp:attachment":[{"href":"https:\/\/zobbelovesharing.com\/index.php?rest_route=%2Fwp%2Fv2%2Fmedia&parent=202"}],"curies":[{"name":"wp","href":"https:\/\/api.w.org\/{rel}","templated":true}]}}